{"id":7053,"date":"2025-07-01T15:16:20","date_gmt":"2025-07-01T13:16:20","guid":{"rendered":"https:\/\/larochewines.com\/the-boutique\/"},"modified":"2026-02-19T10:23:48","modified_gmt":"2026-02-19T09:23:48","slug":"the-boutique","status":"publish","type":"page","link":"https:\/\/larochewines.com\/en\/the-boutique\/","title":{"rendered":"The Boutique"},"content":{"rendered":"\t\t<div data-elementor-type=\"wp-page\" data-elementor-id=\"7053\" class=\"elementor elementor-7053 elementor-79\" data-elementor-post-type=\"page\">\n\t\t\t\t<div class=\"elementor-element elementor-element-a663f91 e-flex e-con-boxed e-con e-parent\" data-id=\"a663f91\" data-element_type=\"container\" data-e-type=\"container\" data-settings=\"{&quot;background_background&quot;:&quot;classic&quot;}\">\n\t\t\t\t\t<div class=\"e-con-inner\">\n\t\t\t\t<div class=\"elementor-element elementor-element-c47d59b elementor-widget elementor-widget-shortcode\" data-id=\"c47d59b\" data-element_type=\"widget\" data-e-type=\"widget\" data-widget_type=\"shortcode.default\">\n\t\t\t\t<div class=\"elementor-widget-container\">\n\t\t\t\t\t\t\t<div class=\"elementor-shortcode\"><nav aria-label=\"breadcrumbs\" class=\"rank-math-breadcrumb\"><p><span class=\"last\">Laroche<\/span><\/p><\/nav><\/div>\n\t\t\t\t\t\t<\/div>\n\t\t\t\t<\/div>\n\t\t\t\t\t<\/div>\n\t\t\t\t<\/div>\n\t\t<div class=\"elementor-element elementor-element-766b74d e-flex e-con-boxed e-con e-parent\" data-id=\"766b74d\" data-element_type=\"container\" data-e-type=\"container\" data-settings=\"{&quot;background_background&quot;:&quot;classic&quot;}\">\n\t\t\t\t\t<div class=\"e-con-inner\">\n\t\t\t\t<div class=\"elementor-element elementor-element-36869e0 elementor-widget__width-initial h1-first elementor-widget elementor-widget-heading\" data-id=\"36869e0\" data-element_type=\"widget\" data-e-type=\"widget\" data-widget_type=\"heading.default\">\n\t\t\t\t<div class=\"elementor-widget-container\">\n\t\t\t\t\t<h1 class=\"elementor-heading-title elementor-size-default\">A boutique in the heart of Chablis<\/h1>\t\t\t\t<\/div>\n\t\t\t\t<\/div>\n\t\t\t\t\t<\/div>\n\t\t\t\t<\/div>\n\t\t<div class=\"elementor-element elementor-element-5b33b7e e-flex e-con-boxed e-con e-parent\" data-id=\"5b33b7e\" data-element_type=\"container\" data-e-type=\"container\" data-settings=\"{&quot;background_background&quot;:&quot;classic&quot;}\">\n\t\t\t\t\t<div class=\"e-con-inner\">\n\t\t\t\t<div class=\"elementor-element elementor-element-60b3799 elementor-widget elementor-widget-image\" data-id=\"60b3799\" data-element_type=\"widget\" data-e-type=\"widget\" data-widget_type=\"image.default\">\n\t\t\t\t<div class=\"elementor-widget-container\">\n\t\t\t\t\t\t\t\t\t\t\t\t\t\t\t<img fetchpriority=\"high\" decoding=\"async\" width=\"997\" height=\"1317\" src=\"https:\/\/larochewines.com\/wp-content\/uploads\/2025\/07\/bouteilles-laroche.jpg\" class=\"attachment-full size-full wp-image-7054\" alt=\"\" srcset=\"https:\/\/larochewines.com\/wp-content\/uploads\/2025\/07\/bouteilles-laroche.jpg 997w, https:\/\/larochewines.com\/wp-content\/uploads\/2025\/07\/bouteilles-laroche-227x300.jpg 227w, https:\/\/larochewines.com\/wp-content\/uploads\/2025\/07\/bouteilles-laroche-775x1024.jpg 775w, https:\/\/larochewines.com\/wp-content\/uploads\/2025\/07\/bouteilles-laroche-768x1014.jpg 768w\" sizes=\"(max-width: 997px) 100vw, 997px\" title=\"\">\t\t\t\t\t\t\t\t\t\t\t\t\t\t\t<\/div>\n\t\t\t\t<\/div>\n\t\t\t\t<div class=\"elementor-element elementor-element-f7e7dcb e-transform elementor-widget elementor-widget-image\" data-id=\"f7e7dcb\" data-element_type=\"widget\" data-e-type=\"widget\" data-settings=\"{&quot;_transform_translateX_effect&quot;:{&quot;unit&quot;:&quot;px&quot;,&quot;size&quot;:-46,&quot;sizes&quot;:[]},&quot;_transform_translateY_effect&quot;:{&quot;unit&quot;:&quot;px&quot;,&quot;size&quot;:70,&quot;sizes&quot;:[]},&quot;_transform_translateX_effect_mobile&quot;:{&quot;unit&quot;:&quot;px&quot;,&quot;size&quot;:0,&quot;sizes&quot;:[]},&quot;_transform_translateY_effect_mobile&quot;:{&quot;unit&quot;:&quot;px&quot;,&quot;size&quot;:-210,&quot;sizes&quot;:[]},&quot;_transform_translateX_effect_widescreen&quot;:{&quot;unit&quot;:&quot;px&quot;,&quot;size&quot;:&quot;&quot;,&quot;sizes&quot;:[]},&quot;_transform_translateX_effect_tablet&quot;:{&quot;unit&quot;:&quot;px&quot;,&quot;size&quot;:&quot;&quot;,&quot;sizes&quot;:[]},&quot;_transform_translateY_effect_widescreen&quot;:{&quot;unit&quot;:&quot;px&quot;,&quot;size&quot;:&quot;&quot;,&quot;sizes&quot;:[]},&quot;_transform_translateY_effect_tablet&quot;:{&quot;unit&quot;:&quot;px&quot;,&quot;size&quot;:&quot;&quot;,&quot;sizes&quot;:[]}}\" data-widget_type=\"image.default\">\n\t\t\t\t<div class=\"elementor-widget-container\">\n\t\t\t\t\t\t\t\t\t\t\t\t\t\t\t<img decoding=\"async\" width=\"908\" height=\"1366\" src=\"https:\/\/larochewines.com\/wp-content\/uploads\/2025\/07\/service-vin.jpg\" class=\"attachment-full size-full wp-image-7055\" alt=\"D\u00e9gusatation en boutique et d\u00e9couverte des quatre niveaux d&#039;appellations et cuv\u00e9es Laroche.\" srcset=\"https:\/\/larochewines.com\/wp-content\/uploads\/2025\/07\/service-vin.jpg 908w, https:\/\/larochewines.com\/wp-content\/uploads\/2025\/07\/service-vin-199x300.jpg 199w, https:\/\/larochewines.com\/wp-content\/uploads\/2025\/07\/service-vin-681x1024.jpg 681w, https:\/\/larochewines.com\/wp-content\/uploads\/2025\/07\/service-vin-768x1155.jpg 768w\" sizes=\"(max-width: 908px) 100vw, 908px\" title=\"\">\t\t\t\t\t\t\t\t\t\t\t\t\t\t\t<\/div>\n\t\t\t\t<\/div>\n\t\t\t\t<div class=\"elementor-element elementor-element-9c41842 elementor-widget__width-initial elementor-absolute e-transform e-transform elementor-widget elementor-widget-image\" data-id=\"9c41842\" data-element_type=\"widget\" data-e-type=\"widget\" data-settings=\"{&quot;_position&quot;:&quot;absolute&quot;,&quot;_transform_scale_effect_mobile&quot;:{&quot;unit&quot;:&quot;px&quot;,&quot;size&quot;:3,&quot;sizes&quot;:[]},&quot;_transform_translateX_effect&quot;:{&quot;unit&quot;:&quot;px&quot;,&quot;size&quot;:&quot;&quot;,&quot;sizes&quot;:[]},&quot;_transform_translateX_effect_widescreen&quot;:{&quot;unit&quot;:&quot;px&quot;,&quot;size&quot;:&quot;&quot;,&quot;sizes&quot;:[]},&quot;_transform_translateX_effect_tablet&quot;:{&quot;unit&quot;:&quot;px&quot;,&quot;size&quot;:&quot;&quot;,&quot;sizes&quot;:[]},&quot;_transform_translateX_effect_mobile&quot;:{&quot;unit&quot;:&quot;px&quot;,&quot;size&quot;:&quot;&quot;,&quot;sizes&quot;:[]},&quot;_transform_translateY_effect&quot;:{&quot;unit&quot;:&quot;px&quot;,&quot;size&quot;:&quot;&quot;,&quot;sizes&quot;:[]},&quot;_transform_translateY_effect_widescreen&quot;:{&quot;unit&quot;:&quot;px&quot;,&quot;size&quot;:&quot;&quot;,&quot;sizes&quot;:[]},&quot;_transform_translateY_effect_tablet&quot;:{&quot;unit&quot;:&quot;px&quot;,&quot;size&quot;:&quot;&quot;,&quot;sizes&quot;:[]},&quot;_transform_translateY_effect_mobile&quot;:{&quot;unit&quot;:&quot;px&quot;,&quot;size&quot;:&quot;&quot;,&quot;sizes&quot;:[]},&quot;_transform_scale_effect&quot;:{&quot;unit&quot;:&quot;px&quot;,&quot;size&quot;:&quot;&quot;,&quot;sizes&quot;:[]},&quot;_transform_scale_effect_widescreen&quot;:{&quot;unit&quot;:&quot;px&quot;,&quot;size&quot;:&quot;&quot;,&quot;sizes&quot;:[]},&quot;_transform_scale_effect_tablet&quot;:{&quot;unit&quot;:&quot;px&quot;,&quot;size&quot;:&quot;&quot;,&quot;sizes&quot;:[]}}\" data-widget_type=\"image.default\">\n\t\t\t\t<div class=\"elementor-widget-container\">\n\t\t\t\t\t\t\t\t\t\t\t\t\t\t\t<img decoding=\"async\" width=\"310\" height=\"361\" src=\"https:\/\/larochewines.com\/wp-content\/uploads\/2025\/07\/coquillage-boutique.png\" class=\"attachment-full size-full wp-image-7016\" alt=\"\" srcset=\"https:\/\/larochewines.com\/wp-content\/uploads\/2025\/07\/coquillage-boutique.png 310w, https:\/\/larochewines.com\/wp-content\/uploads\/2025\/07\/coquillage-boutique-258x300.png 258w\" sizes=\"(max-width: 310px) 100vw, 310px\" title=\"\">\t\t\t\t\t\t\t\t\t\t\t\t\t\t\t<\/div>\n\t\t\t\t<\/div>\n\t\t<div class=\"elementor-element elementor-element-abfcb6d e-con-full elementor-hidden-mobile e-flex e-con e-child\" data-id=\"abfcb6d\" data-element_type=\"container\" data-e-type=\"container\">\n\t\t\t\t<div class=\"elementor-element elementor-element-4658aeb elementor-widget elementor-widget-heading\" data-id=\"4658aeb\" data-element_type=\"widget\" data-e-type=\"widget\" data-widget_type=\"heading.default\">\n\t\t\t\t<div class=\"elementor-widget-container\">\n\t\t\t\t\t<h2 class=\"elementor-heading-title elementor-size-default\">Boutique Laroche<\/h2>\t\t\t\t<\/div>\n\t\t\t\t<\/div>\n\t\t\t\t<div class=\"elementor-element elementor-element-27e3721 elementor-widget elementor-widget-text-editor\" data-id=\"27e3721\" data-element_type=\"widget\" data-e-type=\"widget\" data-widget_type=\"text-editor.default\">\n\t\t\t\t<div class=\"elementor-widget-container\">\n\t\t\t\t\t\t\t\t\t<p>Opening Hours:<br>Monday to Saturday<\/p><p>from 10 AM to 12:30 PM and from 1:30 PM to 6 PM.<\/p>\t\t\t\t\t\t\t\t<\/div>\n\t\t\t\t<\/div>\n\t\t<div class=\"elementor-element elementor-element-714f510 e-con-full e-flex e-con e-child\" data-id=\"714f510\" data-element_type=\"container\" data-e-type=\"container\">\n\t\t<div class=\"elementor-element elementor-element-f9f3ced e-con-full e-flex e-con e-child\" data-id=\"f9f3ced\" data-element_type=\"container\" data-e-type=\"container\">\n\t\t\t\t<div class=\"elementor-element elementor-element-7262866 elementor-widget elementor-widget-heading\" data-id=\"7262866\" data-element_type=\"widget\" data-e-type=\"widget\" data-widget_type=\"heading.default\">\n\t\t\t\t<div class=\"elementor-widget-container\">\n\t\t\t\t\t<h2 class=\"elementor-heading-title elementor-size-default\">Visit the Boutique<\/h2>\t\t\t\t<\/div>\n\t\t\t\t<\/div>\n\t\t\t\t<div class=\"elementor-element elementor-element-800304a mailto elementor-widget elementor-widget-text-editor\" data-id=\"800304a\" data-element_type=\"widget\" data-e-type=\"widget\" data-widget_type=\"text-editor.default\">\n\t\t\t\t<div class=\"elementor-widget-container\">\n\t\t\t\t\t\t\t\t\t<p><span style=\"white-space-collapse: preserve;\">10 rue Auxerroise <br>89 800 CHABLIS<br>France<\/span><\/p><p>03 86 42 89 28<br><a href=\"mailto:boutique@larochewines.com\">boutique@larochewines.com<\/a><\/p>\t\t\t\t\t\t\t\t<\/div>\n\t\t\t\t<\/div>\n\t\t\t\t<\/div>\n\t\t<div class=\"elementor-element elementor-element-5e8c3d4 e-con-full e-flex e-con e-child\" data-id=\"5e8c3d4\" data-element_type=\"container\" data-e-type=\"container\">\n\t\t\t\t<div class=\"elementor-element elementor-element-bb4e0d7 elementor-widget elementor-widget-heading\" data-id=\"bb4e0d7\" data-element_type=\"widget\" data-e-type=\"widget\" data-widget_type=\"heading.default\">\n\t\t\t\t<div class=\"elementor-widget-container\">\n\t\t\t\t\t<h2 class=\"elementor-heading-title elementor-size-default\">Online Boutique<\/h2>\t\t\t\t<\/div>\n\t\t\t\t<\/div>\n\t\t\t\t<div class=\"elementor-element elementor-element-f1d93a2 elementor-widget elementor-widget-text-editor\" data-id=\"f1d93a2\" data-element_type=\"widget\" data-e-type=\"widget\" data-widget_type=\"text-editor.default\">\n\t\t\t\t<div class=\"elementor-widget-container\">\n\t\t\t\t\t\t\t\t\t<p>Discover all our available vintages on our e-boutique.<\/p>\t\t\t\t\t\t\t\t<\/div>\n\t\t\t\t<\/div>\n\t\t\t\t<div class=\"elementor-element elementor-element-1e09241 elementor-align-left bouton-primaire elementor-widget elementor-widget-button\" data-id=\"1e09241\" data-element_type=\"widget\" data-e-type=\"widget\" data-widget_type=\"button.default\">\n\t\t\t\t<div class=\"elementor-widget-container\">\n\t\t\t\t\t\t\t\t\t<div class=\"elementor-button-wrapper\">\n\t\t\t\t\t<a class=\"elementor-button elementor-button-link elementor-size-sm\" href=\"https:\/\/boutique.larochewines.com\/\">\n\t\t\t\t\t\t<span class=\"elementor-button-content-wrapper\">\n\t\t\t\t\t\t<span class=\"elementor-button-icon\">\n\t\t\t\t<svg xmlns=\"http:\/\/www.w3.org\/2000\/svg\" width=\"30\" height=\"30\" viewBox=\"0 0 30 30\" fill=\"none\"><circle opacity=\"0.15\" cx=\"15.213\" cy=\"15.2944\" r=\"14.1284\" stroke=\"#262622\"><\/circle><path d=\"M13.2728 11.2751L17.1532 15.1555L13.5205 18.7881\" stroke=\"#262622\"><\/path><\/svg>\t\t\t<\/span>\n\t\t\t\t\t\t\t\t\t<span class=\"elementor-button-text\">Discover<\/span>\n\t\t\t\t\t<\/span>\n\t\t\t\t\t<\/a>\n\t\t\t\t<\/div>\n\t\t\t\t\t\t\t\t<\/div>\n\t\t\t\t<\/div>\n\t\t\t\t<\/div>\n\t\t\t\t<\/div>\n\t\t\t\t<\/div>\n\t\t\t\t\t<\/div>\n\t\t\t\t<\/div>\n\t\t<div class=\"elementor-element elementor-element-25fe6db e-flex e-con-boxed e-con e-parent\" data-id=\"25fe6db\" data-element_type=\"container\" data-e-type=\"container\" data-settings=\"{&quot;background_background&quot;:&quot;classic&quot;}\">\n\t\t\t\t\t<div class=\"e-con-inner\">\n\t\t<div class=\"elementor-element elementor-element-ce8f7f7 e-con-full elementor-hidden-desktop elementor-hidden-tablet elementor-hidden-widescreen e-flex e-con e-child\" data-id=\"ce8f7f7\" data-element_type=\"container\" data-e-type=\"container\">\n\t\t\t\t<div class=\"elementor-element elementor-element-564161d elementor-widget elementor-widget-heading\" data-id=\"564161d\" data-element_type=\"widget\" data-e-type=\"widget\" data-widget_type=\"heading.default\">\n\t\t\t\t<div class=\"elementor-widget-container\">\n\t\t\t\t\t<h2 class=\"elementor-heading-title elementor-size-default\">Boutique Laroche<\/h2>\t\t\t\t<\/div>\n\t\t\t\t<\/div>\n\t\t\t\t<div class=\"elementor-element elementor-element-16a5d71 elementor-widget elementor-widget-text-editor\" data-id=\"16a5d71\" data-element_type=\"widget\" data-e-type=\"widget\" data-widget_type=\"text-editor.default\">\n\t\t\t\t<div class=\"elementor-widget-container\">\n\t\t\t\t\t\t\t\t\t<p>Opening Hours:<br>Monday to Saturday<\/p><p>from 10 AM to 12:30 PM and from 1:30 PM to 6 PM.<\/p>\t\t\t\t\t\t\t\t<\/div>\n\t\t\t\t<\/div>\n\t\t<div class=\"elementor-element elementor-element-ed8a075 e-con-full e-flex e-con e-child\" data-id=\"ed8a075\" data-element_type=\"container\" data-e-type=\"container\">\n\t\t<div class=\"elementor-element elementor-element-3c51838 e-con-full e-flex e-con e-child\" data-id=\"3c51838\" data-element_type=\"container\" data-e-type=\"container\">\n\t\t\t\t<div class=\"elementor-element elementor-element-effcae7 elementor-widget elementor-widget-heading\" data-id=\"effcae7\" data-element_type=\"widget\" data-e-type=\"widget\" data-widget_type=\"heading.default\">\n\t\t\t\t<div class=\"elementor-widget-container\">\n\t\t\t\t\t<h2 class=\"elementor-heading-title elementor-size-default\">Visit the Boutique<\/h2>\t\t\t\t<\/div>\n\t\t\t\t<\/div>\n\t\t\t\t<div class=\"elementor-element elementor-element-d1063a0 mailto elementor-widget elementor-widget-text-editor\" data-id=\"d1063a0\" data-element_type=\"widget\" data-e-type=\"widget\" data-widget_type=\"text-editor.default\">\n\t\t\t\t<div class=\"elementor-widget-container\">\n\t\t\t\t\t\t\t\t\t<p><span style=\"white-space-collapse: preserve;\">10 rue Auxerroise <br>89 800 CHABLIS<br>France<\/span><\/p><p>03 86 42 89 28<br><a href=\"mailto:boutique@larochewines.com\">boutique@larochewines.com<\/a><\/p>\t\t\t\t\t\t\t\t<\/div>\n\t\t\t\t<\/div>\n\t\t\t\t<\/div>\n\t\t<div class=\"elementor-element elementor-element-2d367c2 e-con-full e-flex e-con e-child\" data-id=\"2d367c2\" data-element_type=\"container\" data-e-type=\"container\">\n\t\t\t\t<div class=\"elementor-element elementor-element-93ca32d elementor-widget elementor-widget-heading\" data-id=\"93ca32d\" data-element_type=\"widget\" data-e-type=\"widget\" data-widget_type=\"heading.default\">\n\t\t\t\t<div class=\"elementor-widget-container\">\n\t\t\t\t\t<h2 class=\"elementor-heading-title elementor-size-default\">Online Boutique<\/h2>\t\t\t\t<\/div>\n\t\t\t\t<\/div>\n\t\t\t\t<div class=\"elementor-element elementor-element-ec4bc2a elementor-widget elementor-widget-text-editor\" data-id=\"ec4bc2a\" data-element_type=\"widget\" data-e-type=\"widget\" data-widget_type=\"text-editor.default\">\n\t\t\t\t<div class=\"elementor-widget-container\">\n\t\t\t\t\t\t\t\t\t<p>Discover all our available vintages on our e-boutique.<\/p>\t\t\t\t\t\t\t\t<\/div>\n\t\t\t\t<\/div>\n\t\t\t\t<div class=\"elementor-element elementor-element-4c794e6 elementor-align-left bouton-primaire elementor-widget elementor-widget-button\" data-id=\"4c794e6\" data-element_type=\"widget\" data-e-type=\"widget\" data-widget_type=\"button.default\">\n\t\t\t\t<div class=\"elementor-widget-container\">\n\t\t\t\t\t\t\t\t\t<div class=\"elementor-button-wrapper\">\n\t\t\t\t\t<a class=\"elementor-button elementor-button-link elementor-size-sm\" href=\"https:\/\/boutique.larochewines.com\/\">\n\t\t\t\t\t\t<span class=\"elementor-button-content-wrapper\">\n\t\t\t\t\t\t<span class=\"elementor-button-icon\">\n\t\t\t\t<svg xmlns=\"http:\/\/www.w3.org\/2000\/svg\" width=\"30\" height=\"30\" viewBox=\"0 0 30 30\" fill=\"none\"><circle opacity=\"0.15\" cx=\"15.213\" cy=\"15.2944\" r=\"14.1284\" stroke=\"#262622\"><\/circle><path d=\"M13.2728 11.2751L17.1532 15.1555L13.5205 18.7881\" stroke=\"#262622\"><\/path><\/svg>\t\t\t<\/span>\n\t\t\t\t\t\t\t\t\t<span class=\"elementor-button-text\">Discover<\/span>\n\t\t\t\t\t<\/span>\n\t\t\t\t\t<\/a>\n\t\t\t\t<\/div>\n\t\t\t\t\t\t\t\t<\/div>\n\t\t\t\t<\/div>\n\t\t\t\t<\/div>\n\t\t\t\t<\/div>\n\t\t\t\t<\/div>\n\t\t<div class=\"elementor-element elementor-element-d5154eb e-con-full e-flex e-con e-child\" data-id=\"d5154eb\" data-element_type=\"container\" data-e-type=\"container\">\n\t\t\t\t<div class=\"elementor-element elementor-element-48ea1b7 elementor-widget elementor-widget-heading\" data-id=\"48ea1b7\" data-element_type=\"widget\" data-e-type=\"widget\" data-widget_type=\"heading.default\">\n\t\t\t\t<div class=\"elementor-widget-container\">\n\t\t\t\t\t<h2 class=\"elementor-heading-title elementor-size-default\">Discovering Chablis and other Chardonnays<\/h2>\t\t\t\t<\/div>\n\t\t\t\t<\/div>\n\t\t\t\t<div class=\"elementor-element elementor-element-d95e4c8 elementor-widget elementor-widget-text-editor\" data-id=\"d95e4c8\" data-element_type=\"widget\" data-e-type=\"widget\" data-widget_type=\"text-editor.default\">\n\t\t\t\t<div class=\"elementor-widget-container\">\n\t\t\t\t\t\t\t\t\t<p>The Laroche boutique, located in the heart of Chablis, just a few steps from the Ob\u00e9diencerie, allows visitors to discover the various wines of the house. Tailor-made tastings offer the opportunity to learn more about the specific characteristics of each appellation level, from Chardonnays produced and selected in the south of France to Chablis Grand Crus.<\/p><p>Advice and the sale of wines, gift sets, and gift vouchers, available on-site, online, or by mail order.<\/p><p>Sale of honey produced by Domaine Laroche, harvested &#8220;At the Edge of the Vines&#8221; in the Vaudevey valley. Three varieties of honey are offered: Spring, Acacia, and Summer Flowers.<\/p>\t\t\t\t\t\t\t\t<\/div>\n\t\t\t\t<\/div>\n\t\t\t\t<\/div>\n\t\t<div class=\"elementor-element elementor-element-35cf7be e-con-full e-flex e-con e-child\" data-id=\"35cf7be\" data-element_type=\"container\" data-e-type=\"container\">\n\t\t\t\t<div class=\"elementor-element elementor-element-7720678 elementor-widget elementor-widget-image\" data-id=\"7720678\" data-element_type=\"widget\" data-e-type=\"widget\" data-widget_type=\"image.default\">\n\t\t\t\t<div class=\"elementor-widget-container\">\n\t\t\t\t\t\t\t\t\t\t\t\t\t\t\t<img loading=\"lazy\" decoding=\"async\" width=\"621\" height=\"406\" src=\"https:\/\/larochewines.com\/wp-content\/uploads\/2025\/07\/pipette-vin.jpg\" class=\"attachment-large size-large wp-image-7057\" alt=\"\" srcset=\"https:\/\/larochewines.com\/wp-content\/uploads\/2025\/07\/pipette-vin.jpg 621w, https:\/\/larochewines.com\/wp-content\/uploads\/2025\/07\/pipette-vin-300x196.jpg 300w\" sizes=\"(max-width: 621px) 100vw, 621px\" title=\"\">\t\t\t\t\t\t\t\t\t\t\t\t\t\t\t<\/div>\n\t\t\t\t<\/div>\n\t\t\t\t<div class=\"elementor-element elementor-element-0329706 elementor-absolute elementor-widget elementor-widget-image\" data-id=\"0329706\" data-element_type=\"widget\" data-e-type=\"widget\" data-settings=\"{&quot;_position&quot;:&quot;absolute&quot;}\" data-widget_type=\"image.default\">\n\t\t\t\t<div class=\"elementor-widget-container\">\n\t\t\t\t\t\t\t\t\t\t\t\t\t\t\t<img loading=\"lazy\" decoding=\"async\" width=\"339\" height=\"435\" src=\"https:\/\/larochewines.com\/wp-content\/uploads\/2025\/07\/branche-boutique.png\" class=\"attachment-full size-full wp-image-7056\" alt=\"\" srcset=\"https:\/\/larochewines.com\/wp-content\/uploads\/2025\/07\/branche-boutique.png 339w, https:\/\/larochewines.com\/wp-content\/uploads\/2025\/07\/branche-boutique-234x300.png 234w\" sizes=\"(max-width: 339px) 100vw, 339px\" title=\"\">\t\t\t\t\t\t\t\t\t\t\t\t\t\t\t<\/div>\n\t\t\t\t<\/div>\n\t\t\t\t<div class=\"elementor-element elementor-element-64bfccc elementor-widget elementor-widget-heading\" data-id=\"64bfccc\" data-element_type=\"widget\" data-e-type=\"widget\" data-widget_type=\"heading.default\">\n\t\t\t\t<div class=\"elementor-widget-container\">\n\t\t\t\t\t<h2 class=\"elementor-heading-title elementor-size-default\">Experiences<\/h2>\t\t\t\t<\/div>\n\t\t\t\t<\/div>\n\t\t\t\t<div class=\"elementor-element elementor-element-0125972 elementor-widget__width-initial elementor-widget elementor-widget-text-editor\" data-id=\"0125972\" data-element_type=\"widget\" data-e-type=\"widget\" data-widget_type=\"text-editor.default\">\n\t\t\t\t<div class=\"elementor-widget-container\">\n\t\t\t\t\t\t\t\t\t<p>Immersive experiences behind the scenes of the Ob\u00e9diencerie in Chablis.<\/p>\t\t\t\t\t\t\t\t<\/div>\n\t\t\t\t<\/div>\n\t\t\t\t<div class=\"elementor-element elementor-element-e6a3025 elementor-align-left bouton-primaire elementor-widget elementor-widget-button\" data-id=\"e6a3025\" data-element_type=\"widget\" data-e-type=\"widget\" data-widget_type=\"button.default\">\n\t\t\t\t<div class=\"elementor-widget-container\">\n\t\t\t\t\t\t\t\t\t<div class=\"elementor-button-wrapper\">\n\t\t\t\t\t<a class=\"elementor-button elementor-button-link elementor-size-sm\" href=\"https:\/\/larochewines.com\/en\/experiences\/\">\n\t\t\t\t\t\t<span class=\"elementor-button-content-wrapper\">\n\t\t\t\t\t\t<span class=\"elementor-button-icon\">\n\t\t\t\t<svg xmlns=\"http:\/\/www.w3.org\/2000\/svg\" width=\"30\" height=\"30\" viewBox=\"0 0 30 30\" fill=\"none\"><circle opacity=\"0.15\" cx=\"15.213\" cy=\"15.2944\" r=\"14.1284\" stroke=\"#262622\"><\/circle><path d=\"M13.2728 11.2751L17.1532 15.1555L13.5205 18.7881\" stroke=\"#262622\"><\/path><\/svg>\t\t\t<\/span>\n\t\t\t\t\t\t\t\t\t<span class=\"elementor-button-text\">Discover<\/span>\n\t\t\t\t\t<\/span>\n\t\t\t\t\t<\/a>\n\t\t\t\t<\/div>\n\t\t\t\t\t\t\t\t<\/div>\n\t\t\t\t<\/div>\n\t\t\t\t<\/div>\n\t\t\t\t\t<\/div>\n\t\t\t\t<\/div>\n\t\t\t\t<\/div>\n\t\t","protected":false},"excerpt":{"rendered":"<p>A boutique in the heart of Chablis Boutique Laroche Opening Hours:Monday to Saturday from 10 AM to 12:30 PM and from 1:30 PM to 6 PM. Visit the Boutique 10 rue Auxerroise 89 800 CHABLISFrance 03 86 42 89 28boutique@larochewines.com Online Boutique Discover all our available vintages on our e-boutique. Discover Boutique Laroche Opening Hours:Monday [&hellip;]<\/p>\n","protected":false},"author":2,"featured_media":0,"parent":0,"menu_order":0,"comment_status":"closed","ping_status":"closed","template":"","meta":{"_acf_changed":false,"footnotes":""},"class_list":["post-7053","page","type-page","status-publish","hentry"],"acf":[],"_links":{"self":[{"href":"https:\/\/larochewines.com\/en\/wp-json\/wp\/v2\/pages\/7053","targetHints":{"allow":["GET"]}}],"collection":[{"href":"https:\/\/larochewines.com\/en\/wp-json\/wp\/v2\/pages"}],"about":[{"href":"https:\/\/larochewines.com\/en\/wp-json\/wp\/v2\/types\/page"}],"author":[{"embeddable":true,"href":"https:\/\/larochewines.com\/en\/wp-json\/wp\/v2\/users\/2"}],"replies":[{"embeddable":true,"href":"https:\/\/larochewines.com\/en\/wp-json\/wp\/v2\/comments?post=7053"}],"version-history":[{"count":0,"href":"https:\/\/larochewines.com\/en\/wp-json\/wp\/v2\/pages\/7053\/revisions"}],"wp:attachment":[{"href":"https:\/\/larochewines.com\/en\/wp-json\/wp\/v2\/media?parent=7053"}],"curies":[{"name":"wp","href":"https:\/\/api.w.org\/{rel}","templated":true}]}}